{"id":149,"date":"2014-06-19T09:39:23","date_gmt":"2014-06-19T09:39:23","guid":{"rendered":"https:\/\/demo.mekshq.com\/throne\/?page_id=149"},"modified":"2026-03-24T11:07:05","modified_gmt":"2026-03-24T03:07:05","slug":"contact","status":"publish","type":"page","link":"http:\/\/www.plywoodeuro.com\/index.php\/contact\/","title":{"rendered":"Contact us"},"content":{"rendered":"\n<p>Latvian Birch Plywood Factory<\/p>\n\n\n\n<p><strong>JSC &#8220;Baltic Birch Plywood&#8221;<\/strong><br>(Part of PlyMax Group)<br>Ra\u017eot\u0101ju iela 28, R\u012bga, LV-1010, Latvia<br>Phone: +371 6700 1258<br><strong>Sales Manager: Ms. Angela<\/strong><br>Email : plywoodeuro@163.com<\/p>\n\n\n<style id=\"wpforms-css-vars-649-block-48d73a50-eae3-4f8d-a09e-dac401cb10a6\">\n\t\t\t\t#wpforms-649.wpforms-block-48d73a50-eae3-4f8d-a09e-dac401cb10a6 {\n\t\t\t\t--wpforms-field-size-input-height: 43px;\n--wpforms-field-size-input-spacing: 15px;\n--wpforms-field-size-font-size: 16px;\n--wpforms-field-size-line-height: 19px;\n--wpforms-field-size-padding-h: 14px;\n--wpforms-field-size-checkbox-size: 16px;\n--wpforms-field-size-sublabel-spacing: 5px;\n--wpforms-field-size-icon-size: 1;\n--wpforms-label-size-font-size: 16px;\n--wpforms-label-size-line-height: 19px;\n--wpforms-label-size-sublabel-font-size: 14px;\n--wpforms-label-size-sublabel-line-height: 17px;\n--wpforms-button-size-font-size: 17px;\n--wpforms-button-size-height: 41px;\n--wpforms-button-size-padding-h: 15px;\n--wpforms-button-size-margin-top: 10px;\n\n\t\t\t}\n\t\t\t<\/style><div class=\"wpforms-container wpforms-container-full wpforms-block wpforms-block-48d73a50-eae3-4f8d-a09e-dac401cb10a6 wpforms-render-modern\" id=\"wpforms-649\"><form id=\"wpforms-form-649\" class=\"wpforms-validate wpforms-form\" data-formid=\"649\" method=\"post\" enctype=\"multipart\/form-data\" action=\"\/index.php\/wp-json\/wp\/v2\/pages\/149\" data-token=\"61ed2938614d6f2a96f1f06a9034fe9b\" data-token-time=\"1775318550\"><noscript class=\"wpforms-error-noscript\">Please enable JavaScript in your browser to complete this form.<\/noscript><div id=\"wpforms-error-noscript\" style=\"display: none;\">Please enable JavaScript in your browser to complete this form.<\/div><div class=\"wpforms-field-container\"><div id=\"wpforms-649-field_0-container\" class=\"wpforms-field wpforms-field-name\" data-field-id=\"0\"><label class=\"wpforms-field-label\" for=\"wpforms-649-field_0\">Your Name <span class=\"wpforms-required-label\" aria-hidden=\"true\">*<\/span><\/label><input type=\"text\" id=\"wpforms-649-field_0\" class=\"wpforms-field-large wpforms-field-required\" name=\"wpforms[fields][0]\" aria-errormessage=\"wpforms-649-field_0-error\" required><\/div><div id=\"wpforms-649-field_1-container\" class=\"wpforms-field wpforms-field-email\" data-field-id=\"1\"><label class=\"wpforms-field-label\" for=\"wpforms-649-field_1\">Your Email <span class=\"wpforms-required-label\" aria-hidden=\"true\">*<\/span><\/label><input type=\"email\" id=\"wpforms-649-field_1\" class=\"wpforms-field-large wpforms-field-required\" name=\"wpforms[fields][1]\" spellcheck=\"false\" aria-errormessage=\"wpforms-649-field_1-error\" required><\/div><div id=\"wpforms-649-field_3-container\" class=\"wpforms-field wpforms-field-text\" data-field-id=\"3\"><label class=\"wpforms-field-label\" for=\"wpforms-649-field_3\">Subject<\/label><input type=\"text\" id=\"wpforms-649-field_3\" class=\"wpforms-field-large\" name=\"wpforms[fields][3]\" aria-errormessage=\"wpforms-649-field_3-error\" ><\/div><div id=\"wpforms-649-field_2-container\" class=\"wpforms-field wpforms-field-textarea\" data-field-id=\"2\"><label class=\"wpforms-field-label\" for=\"wpforms-649-field_2\">Your Message <span class=\"wpforms-required-label\" aria-hidden=\"true\">*<\/span><\/label><textarea id=\"wpforms-649-field_2\" class=\"wpforms-field-medium wpforms-field-required\" name=\"wpforms[fields][2]\" aria-errormessage=\"wpforms-649-field_2-error\" required><\/textarea><\/div><\/div><!-- .wpforms-field-container --><div class=\"wpforms-field wpforms-field-hp\"><label for=\"wpforms-649-field-hp\" class=\"wpforms-field-label\">Website<\/label><input type=\"text\" name=\"wpforms[hp]\" id=\"wpforms-649-field-hp\" class=\"wpforms-field-medium\"><\/div><div class=\"wpforms-submit-container\" ><input type=\"hidden\" name=\"wpforms[id]\" value=\"649\"><input type=\"hidden\" name=\"page_title\" value=\"\"><input type=\"hidden\" name=\"page_url\" value=\"http:\/\/www.plywoodeuro.com\/index.php\/wp-json\/wp\/v2\/pages\/149\"><input type=\"hidden\" name=\"url_referer\" value=\"\"><button type=\"submit\" name=\"wpforms[submit]\" id=\"wpforms-submit-649\" class=\"wpforms-submit\" data-alt-text=\"Sending...\" data-submit-text=\"Send\" aria-live=\"assertive\" value=\"wpforms-submit\">Send<\/button><\/div><\/form><\/div>  <!-- .wpforms-container -->","protected":false},"excerpt":{"rendered":"<p>Latvian Birch Plywood Factory JSC &#8220;Baltic Birch Plywood&#8221;(Part of PlyMax Group)Ra\u017eot\u0101ju iela 28, R\u012bga, LV-1010, LatviaPhone: +371 6700 1258Sales Manager: Ms. AngelaEmail : plywoodeuro@163.com<\/p>\n","protected":false},"author":1,"featured_media":0,"parent":0,"menu_order":0,"comment_status":"closed","ping_status":"open","template":"","meta":{"footnotes":""},"class_list":["post-149","page","type-page","status-publish","hentry"],"_links":{"self":[{"href":"http:\/\/www.plywoodeuro.com\/index.php\/wp-json\/wp\/v2\/pages\/149","targetHints":{"allow":["GET"]}}],"collection":[{"href":"http:\/\/www.plywoodeuro.com\/index.php\/wp-json\/wp\/v2\/pages"}],"about":[{"href":"http:\/\/www.plywoodeuro.com\/index.php\/wp-json\/wp\/v2\/types\/page"}],"author":[{"embeddable":true,"href":"http:\/\/www.plywoodeuro.com\/index.php\/wp-json\/wp\/v2\/users\/1"}],"replies":[{"embeddable":true,"href":"http:\/\/www.plywoodeuro.com\/index.php\/wp-json\/wp\/v2\/comments?post=149"}],"version-history":[{"count":14,"href":"http:\/\/www.plywoodeuro.com\/index.php\/wp-json\/wp\/v2\/pages\/149\/revisions"}],"predecessor-version":[{"id":962,"href":"http:\/\/www.plywoodeuro.com\/index.php\/wp-json\/wp\/v2\/pages\/149\/revisions\/962"}],"wp:attachment":[{"href":"http:\/\/www.plywoodeuro.com\/index.php\/wp-json\/wp\/v2\/media?parent=149"}],"curies":[{"name":"wp","href":"https:\/\/api.w.org\/{rel}","templated":true}]}}